{"id":1439,"date":"2018-08-08T06:54:28","date_gmt":"2018-08-08T06:54:28","guid":{"rendered":"http:\/\/handball-weixdorf.de\/?page_id=1439"},"modified":"2022-09-07T16:56:15","modified_gmt":"2022-09-07T16:56:15","slug":"datenschutz-2","status":"publish","type":"page","link":"https:\/\/www.handball-weixdorf.de\/?page_id=1439","title":{"rendered":"Datenschutz"},"content":{"rendered":"<h1><span style=\"font-family: arial, helvetica, sans-serif;\">DATENSCHUTZERKL\u00c4RUNG<\/span><\/h1>\n<p><span style=\"font-family: arial, helvetica, sans-serif;\">Verantwortliche Stelle im Sinne der Datenschutzgesetze, insbesondere der EU-Datenschutzgrundverordnung (DSGVO), ist:<\/span><\/p>\n<p><span style=\"font-family: arial, helvetica, sans-serif;\">Martina Pappermann<\/span><\/p>\n<h2><span style=\"font-family: arial, helvetica, sans-serif;\">Ihre Betroffenenrechte<\/span><\/h2>\n<p><span style=\"font-family: arial, helvetica, sans-serif;\">Unter den angegebenen Kontaktdaten unseres Datenschutzbeauftragten k\u00f6nnen Sie jederzeit folgende Rechte aus\u00fcben:<\/span><\/p>\n<ul>\n<li><span style=\"font-family: arial, helvetica, sans-serif;\">Auskunft \u00fcber Ihre bei uns gespeicherten Daten und deren Verarbeitung (Art. 15 DSGVO),<\/span><\/li>\n<li><span style=\"font-family: arial, helvetica, sans-serif;\">Berichtigung unrichtiger personenbezogener Daten (Art. 16 DSGVO),<\/span><\/li>\n<li><span style=\"font-family: arial, helvetica, sans-serif;\">L\u00f6schung Ihrer bei uns gespeicherten Daten (Art. 17 DSGVO),<\/span><\/li>\n<li><span style=\"font-family: arial, helvetica, sans-serif;\">Einschr\u00e4nkung der Datenverarbeitung, sofern wir Ihre Daten aufgrund gesetzlicher Pflichten noch nicht l\u00f6schen d\u00fcrfen (Art. 18 DSGVO),<\/span><\/li>\n<li><span style=\"font-family: arial, helvetica, sans-serif;\">Widerspruch gegen die Verarbeitung Ihrer Daten bei uns (Art. 21 DSGVO) und<\/span><\/li>\n<li><span style=\"font-family: arial, helvetica, sans-serif;\">Daten\u00fcbertragbarkeit, sofern Sie in die Datenverarbeitung eingewilligt haben oder einen Vertrag mit uns abgeschlossen haben (Art. 20 DSGVO).<\/span><\/li>\n<\/ul>\n<p><span style=\"font-family: arial, helvetica, sans-serif;\">Sofern Sie uns eine Einwilligung erteilt haben, k\u00f6nnen Sie diese jederzeit mit Wirkung f\u00fcr die Zukunft widerrufen.<\/span><\/p>\n<p><span style=\"font-family: arial, helvetica, sans-serif;\">Sie k\u00f6nnen sich jederzeit mit einer Beschwerde an eine Aufsichtsbeh\u00f6rde wenden, z. B. an die zust\u00e4ndige Aufsichtsbeh\u00f6rde des Bundeslands Ihres Wohnsitzes oder an die f\u00fcr uns als verantwortliche Stelle zust\u00e4ndige Beh\u00f6rde.<\/span><\/p>\n<p><span style=\"font-family: arial, helvetica, sans-serif;\">Eine Liste der Aufsichtsbeh\u00f6rden (f\u00fcr den nicht\u00f6ffentlichen Bereich) mit Anschrift finden Sie unter:\u00a0<a href=\"https:\/\/www.bfdi.bund.de\/DE\/Infothek\/Anschriften_Links\/anschriften_links-node.html\" target=\"_blank\" rel=\"nofollow noopener\">https:\/\/www.bfdi.bund.de\/DE\/Infothek\/Anschriften_Links\/anschriften_links-node.html<\/a>.<\/span><\/p>\n<h2><span style=\"font-family: arial, helvetica, sans-serif;\">Kommentarfunktion<\/span><\/h2>\n<h3><span style=\"font-family: arial, helvetica, sans-serif;\">Art und Zweck der Verarbeitung:<\/span><\/h3>\n<p><span style=\"font-family: arial, helvetica, sans-serif;\">Wenn Nutzer Kommentare auf unserer Website hinterlassen, werden neben diesen Angaben auch der Zeitpunkt ihrer Erstellung und der zuvor durch den Websitebesucher gew\u00e4hlte Nutzername gespeichert. Dies dient unserer Sicherheit, da wir f\u00fcr widerrechtliche Inhalte auf unserer Webseite belangt werden k\u00f6nnen, auch wenn diese durch Benutzer erstellt wurden.<\/span><\/p>\n<h3><span style=\"font-family: arial, helvetica, sans-serif;\">Rechtsgrundlage:<\/span><\/h3>\n<p><span style=\"font-family: arial, helvetica, sans-serif;\">Die Verarbeitung der als Kommentar eingegebenen Daten erfolgt auf der Grundlage eines berechtigten Interesses (Art 6 Abs. 1 lit. f DSGVO).<\/span><\/p>\n<p><span style=\"font-family: arial, helvetica, sans-serif;\">Durch Bereitstellung der Kommentarfunktion m\u00f6chten wir Ihnen eine unkomplizierte Interaktion erm\u00f6glichen. Ihre gemachten Angaben werden zum Zwecke der Bearbeitung der Anfrage sowie f\u00fcr m\u00f6gliche Anschlussfragen gespeichert.<\/span><\/p>\n<h3><span style=\"font-family: arial, helvetica, sans-serif;\">Empf\u00e4nger:<\/span><\/h3>\n<p><span style=\"font-family: arial, helvetica, sans-serif;\">Empf\u00e4nger der Daten sind ggf. Auftragsverarbeiter.<\/span><\/p>\n<h3><span style=\"font-family: arial, helvetica, sans-serif;\">Speicherdauer:<\/span><\/h3>\n<p><span style=\"font-family: arial, helvetica, sans-serif;\">Die Daten werden gel\u00f6scht, sobald diese f\u00fcr den Zweck der Erhebung nicht mehr erforderlich sind. Dies ist grunds\u00e4tzlich der Fall, wenn die Kommunikation mit dem Nutzer abgeschlossen ist und das Unternehmen den Umst\u00e4nden entnehmen kann, dass der betroffene Sachverhalt abschlie\u00dfend gekl\u00e4rt ist.<\/span><\/p>\n<h3><span style=\"font-family: arial, helvetica, sans-serif;\">Bereitstellung vorgeschrieben oder erforderlich:<\/span><\/h3>\n<p><span style=\"font-family: arial, helvetica, sans-serif;\">Die Bereitstellung Ihrer personenbezogenen Daten erfolgt freiwillig. Ohne die Bereitstellung Ihrer personenbezogenen Daten k\u00f6nnen wir Ihnen keinen Zugang zu unserer Kommentarfunktion gew\u00e4hren.<\/span><\/p>\n<h2><span style=\"font-family: arial, helvetica, sans-serif;\">Verwendung von Google Maps<\/span><\/h2>\n<h3><span style=\"font-family: arial, helvetica, sans-serif;\">Art und Zweck der Verarbeitung:<\/span><\/h3>\n<p><span style=\"font-family: arial, helvetica, sans-serif;\">Auf dieser Webseite nutzen wir das Angebot von Google Maps. Google Maps wird von Google LLC, 1600 Amphitheatre Parkway, Mountain View, CA 94043, USA (nachfolgend \u201eGoogle\u201c) betrieben. Dadurch k\u00f6nnen wir Ihnen interaktive Karten direkt in der Webseite anzeigen und erm\u00f6glichen Ihnen die komfortable Nutzung der Karten-Funktion.<\/span><\/p>\n<p><span style=\"font-family: arial, helvetica, sans-serif;\">N\u00e4here Informationen \u00fcber die Datenverarbeitung durch Google k\u00f6nnen Sie\u00a0<a href=\"http:\/\/www.google.com\/privacypolicy.html\">den Google-Datenschutzhinweisen<\/a>\u00a0entnehmen. Dort k\u00f6nnen Sie im Datenschutzcenter auch Ihre pers\u00f6nlichen Datenschutz-Einstellungen ver\u00e4ndern.<\/span><\/p>\n<p><span style=\"font-family: arial, helvetica, sans-serif;\">Ausf\u00fchrliche Anleitungen zur Verwaltung der eigenen Daten im Zusammenhang mit Google-Produkten<a href=\"http:\/\/www.dataliberation.org\/\">\u00a0finden Sie hier<\/a>.<\/span><\/p>\n<h3><span style=\"font-family: arial, helvetica, sans-serif;\">Rechtsgrundlage:<\/span><\/h3>\n<p><span style=\"font-family: arial, helvetica, sans-serif;\">Rechtsgrundlage f\u00fcr die Einbindung von Google Maps und dem damit verbundenen Datentransfer zu Google ist Ihre Einwilligung (Art. 6 Abs. 1 lit. a DSGVO).<\/span><\/p>\n<h3><span style=\"font-family: arial, helvetica, sans-serif;\">Empf\u00e4nger:<\/span><\/h3>\n<p><span style=\"font-family: arial, helvetica, sans-serif;\">Durch den Besuch der Webseite erh\u00e4lt Google Informationen, dass Sie die entsprechende Unterseite unserer Webseite aufgerufen haben. Dies erfolgt unabh\u00e4ngig davon, ob Google ein Nutzerkonto bereitstellt, \u00fcber das Sie eingeloggt sind, oder ob keine Nutzerkonto besteht. Wenn Sie bei Google eingeloggt sind, werden Ihre Daten direkt Ihrem Konto zugeordnet.<\/span><\/p>\n<p><span style=\"font-family: arial, helvetica, sans-serif;\">Wenn Sie die Zuordnung in Ihrem Profil bei Google nicht w\u00fcnschen, m\u00fcssen Sie sich vor Aktivierung des Buttons bei Google ausloggen. Google speichert Ihre Daten als Nutzungsprofile und nutzt sie f\u00fcr Zwecke der Werbung, Marktforschung und\/oder bedarfsgerechter Gestaltung seiner Webseite. Eine solche Auswertung erfolgt insbesondere (selbst f\u00fcr nicht eingeloggte Nutzer) zur Erbringung bedarfsgerechter Werbung und um andere Nutzer des sozialen Netzwerks \u00fcber Ihre Aktivit\u00e4ten auf unserer Webseite zu informieren. Ihnen steht ein Widerspruchsrecht zu gegen die Bildung dieser Nutzerprofile, wobei Sie sich zur Aus\u00fcbung dessen an Google richten m\u00fcssen.<\/span><\/p>\n<h3><span style=\"font-family: arial, helvetica, sans-serif;\">Speicherdauer:<\/span><\/h3>\n<p><span style=\"font-family: arial, helvetica, sans-serif;\">Wir erheben keine personenbezogenen Daten, durch die Einbindung von Google Maps.<\/span><\/p>\n<h3><span style=\"font-family: arial, helvetica, sans-serif;\">Drittlandtransfer:<\/span><\/h3>\n<p><span style=\"font-family: arial, helvetica, sans-serif;\">Google verarbeitet Ihre Daten in den USA und hat sich dem EU_US Privacy Shield unterworfen\u00a0<a href=\"https:\/\/www.privacyshield.gov\/EU-US-Framework\">https:\/\/www.privacyshield.gov\/EU-US-Framework<\/a>.<\/span><\/p>\n<h3><span style=\"font-family: arial, helvetica, sans-serif;\">Widerruf der Einwilligung:<\/span><\/h3>\n<p><span style=\"font-family: arial, helvetica, sans-serif;\">Wenn Sie nicht m\u00f6chten, dass Google \u00fcber unseren Internetauftritt Daten \u00fcber Sie erhebt, verarbeitet oder nutzt, k\u00f6nnen Sie in Ihrem Browsereinstellungen JavaScript deaktivieren. In diesem Fall k\u00f6nnen Sie unsere Webseite jedoch nicht oder nur eingeschr\u00e4nkt nutzen.<\/span><\/p>\n<h3><span style=\"font-family: arial, helvetica, sans-serif;\">Bereitstellung vorgeschrieben oder erforderlich:<\/span><\/h3>\n<p><span style=\"font-family: arial, helvetica, sans-serif;\">Die Bereitstellung Ihrer personenbezogenen Daten erfolgt freiwillig, allein auf Basis Ihrer Einwilligung. Sofern Sie den Zugriff unterbinden, kann es hierdurch zu Funktionseinschr\u00e4nkungen auf der Website kommen.<\/span><\/p>\n<h2><span style=\"font-family: arial, helvetica, sans-serif;\">Eingebettete YouTube-Videos<\/span><\/h2>\n<h3><span style=\"font-family: arial, helvetica, sans-serif;\">Art und Zweck der Verarbeitung:<\/span><\/h3>\n<p><span style=\"font-family: arial, helvetica, sans-serif;\">Auf einigen unserer Webseiten betten wir YouTube-Videos ein. Betreiber der entsprechenden Plugins ist die YouTube, LLC, 901 Cherry Ave., San Bruno, CA 94066, USA (nachfolgend \u201eYouTube\u201c). Wenn Sie eine Seite mit dem YouTube-Plugin besuchen, wird eine Verbindung zu Servern von YouTube hergestellt. Dabei wird YouTube mitgeteilt, welche Seiten Sie besuchen. Wenn Sie in Ihrem YouTube-Account eingeloggt sind, kann YouTube Ihr Surfverhalten Ihnen pers\u00f6nlich zuzuordnen. Dies verhindern Sie, indem Sie sich vorher aus Ihrem YouTube-Account ausloggen.<\/span><\/p>\n<p><span style=\"font-family: arial, helvetica, sans-serif;\">Wird ein YouTube-Video gestartet, setzt der Anbieter Cookies ein, die Hinweise \u00fcber das Nutzerverhalten sammeln.<\/span><\/p>\n<p><span style=\"font-family: arial, helvetica, sans-serif;\">Weitere Informationen zu Zweck und Umfang der Datenerhebung und ihrer Verarbeitung durch YouTube erhalten Sie in den Datenschutzerkl\u00e4rungen des Anbieters, Dort erhalten Sie auch weitere Informationen zu Ihren diesbez\u00fcglichen Rechten und Einstellungsm\u00f6glichkeiten zum Schutze Ihrer Privatsph\u00e4re (<a href=\"https:\/\/policies.google.com\/privacy\">https:\/\/policies.google.com\/privacy<\/a>). Google verarbeitet Ihre Daten in den USA und hat sich dem EU-US Privacy Shield unterworfen https:\/\/www.privacyshield.gov\/EU-US-Framework<\/span><\/p>\n<h3><span style=\"font-family: arial, helvetica, sans-serif;\">Rechtsgrundlage:<\/span><\/h3>\n<p><span style=\"font-family: arial, helvetica, sans-serif;\">Rechtsgrundlage f\u00fcr die Einbindung von YouTube und dem damit verbundenen Datentransfer zu Google ist Ihre Einwilligung (Art. 6 Abs. 1 lit. a DSGVO).<\/span><\/p>\n<h3><span style=\"font-family: arial, helvetica, sans-serif;\">Empf\u00e4nger:<\/span><\/h3>\n<p><span style=\"font-family: arial, helvetica, sans-serif;\">Der Aufruf von YouTube l\u00f6st automatisch eine Verbindung zu Google aus.<\/span><\/p>\n<h3><span style=\"font-family: arial, helvetica, sans-serif;\">Speicherdauer und Widerruf der Einwilligung:<\/span><\/h3>\n<p><span style=\"font-family: arial, helvetica, sans-serif;\">Wer das Speichern von Cookies f\u00fcr das Google-Ad-Programm deaktiviert hat, wird auch beim Anschauen von YouTube-Videos mit keinen solchen Cookies rechnen m\u00fcssen. YouTube legt aber auch in anderen Cookies nicht-personenbezogene Nutzungsinformationen ab. M\u00f6chten Sie dies verhindern, so m\u00fcssen Sie das Speichern von Cookies im Browser blockieren.<\/span><\/p>\n<p><span style=\"font-family: arial, helvetica, sans-serif;\">Weitere Informationen zum Datenschutz bei \u201eYouTube\u201c finden Sie in der Datenschutzerkl\u00e4rung des Anbieters unter:\u00a0<a href=\"https:\/\/www.google.de\/intl\/de\/policies\/privacy\/\">https:\/\/www.google.de\/intl\/de\/policies\/privacy\/<\/a><\/span><\/p>\n<h3><span style=\"font-family: arial, helvetica, sans-serif;\">Drittlandtransfer:<\/span><\/h3>\n<p><span style=\"font-family: arial, helvetica, sans-serif;\">Google verarbeitet Ihre Daten in den USA und hat sich dem EU_US Privacy Shield unterworfen\u00a0<a href=\"https:\/\/www.privacyshield.gov\/EU-US-Framework\">https:\/\/www.privacyshield.gov\/EU-US-Framework<\/a>.<\/span><\/p>\n<h3><span style=\"font-family: arial, helvetica, sans-serif;\">Bereitstellung vorgeschrieben oder erforderlich:<\/span><\/h3>\n<p><span style=\"font-family: arial, helvetica, sans-serif;\">Die Bereitstellung Ihrer personenbezogenen Daten erfolgt freiwillig, allein auf Basis Ihrer Einwilligung. Sofern Sie den Zugriff unterbinden, kann es hierdurch zu Funktionseinschr\u00e4nkungen auf der Website kommen.<\/span><\/p>\n<h2><span style=\"font-family: arial, helvetica, sans-serif;\">\u00c4nderung unserer Datenschutzbestimmungen<\/span><\/h2>\n<p><span style=\"font-family: arial, helvetica, sans-serif;\">Wir behalten uns vor, diese Datenschutzerkl\u00e4rung anzupassen, damit sie stets den aktuellen rechtlichen Anforderungen entspricht oder um \u00c4nderungen unserer Leistungen in der Datenschutzerkl\u00e4rung umzusetzen, z.B. bei der Einf\u00fchrung neuer Services. F\u00fcr Ihren erneuten Besuch gilt dann die neue Datenschutzerkl\u00e4rung.<\/span><\/p>\n<h2><span style=\"font-family: arial, helvetica, sans-serif;\">Fragen an den Datenschutzbeauftragten<\/span><\/h2>\n<p><span style=\"font-family: arial, helvetica, sans-serif;\">Wenn Sie Fragen zum Datenschutz haben, schreiben Sie uns bitte eine E-Mail oder wenden Sie sich direkt an die f\u00fcr den Datenschutz verantwortliche Person in unserer Organisation:<\/span><\/p>\n<p><span style=\"font-family: arial, helvetica, sans-serif;\"><em>Die Datenschutzerkl\u00e4rung wurde mit dem\u00a0<\/em><em><a href=\"https:\/\/www.activemind.de\/datenschutz\/datenschutzhinweis-generator\/\" target=\"_blank\" rel=\"noopener\">Datenschutzerkl\u00e4rungs-Generator der activeMind AG erstellt<\/a>\u00a0(Version 2018-06-22).<\/em><\/span><\/p>\n","protected":false},"excerpt":{"rendered":"<p>DATENSCHUTZERKL\u00c4RUNG Verantwortliche Stelle im Sinne der Datenschutzgesetze, insbesondere der EU-Datenschutzgrundverordnung (DSGVO), ist: Martina Pappermann Ihre Betroffenenrechte Unter den angegebenen Kontaktdaten unseres Datenschutzbeauftragten k\u00f6nnen Sie jederzeit folgende Rechte aus\u00fcben: Auskunft \u00fcber Ihre bei uns gespeicherten Daten und deren Verarbeitung (Art. 15 DSGVO), Berichtigung unrichtiger personenbezogener Daten (Art. 16 DSGVO), L\u00f6schung Ihrer bei uns gespeicherten Daten (Art. [&hellip;]<\/p>\n","protected":false},"author":1,"featured_media":0,"parent":0,"menu_order":0,"comment_status":"closed","ping_status":"closed","template":"","meta":{"footnotes":""},"_links":{"self":[{"href":"https:\/\/www.handball-weixdorf.de\/index.php?rest_route=\/wp\/v2\/pages\/1439"}],"collection":[{"href":"https:\/\/www.handball-weixdorf.de\/index.php?rest_route=\/wp\/v2\/pages"}],"about":[{"href":"https:\/\/www.handball-weixdorf.de\/index.php?rest_route=\/wp\/v2\/types\/page"}],"author":[{"embeddable":true,"href":"https:\/\/www.handball-weixdorf.de\/index.php?rest_route=\/wp\/v2\/users\/1"}],"replies":[{"embeddable":true,"href":"https:\/\/www.handball-weixdorf.de\/index.php?rest_route=%2Fwp%2Fv2%2Fcomments&post=1439"}],"version-history":[{"count":2,"href":"https:\/\/www.handball-weixdorf.de\/index.php?rest_route=\/wp\/v2\/pages\/1439\/revisions"}],"predecessor-version":[{"id":2812,"href":"https:\/\/www.handball-weixdorf.de\/index.php?rest_route=\/wp\/v2\/pages\/1439\/revisions\/2812"}],"wp:attachment":[{"href":"https:\/\/www.handball-weixdorf.de\/index.php?rest_route=%2Fwp%2Fv2%2Fmedia&parent=1439"}],"curies":[{"name":"wp","href":"https:\/\/api.w.org\/{rel}","templated":true}]}}