{"id":281,"date":"2016-08-30T05:32:22","date_gmt":"2016-08-30T05:32:22","guid":{"rendered":"http:\/\/handball-weixdorf.de\/?page_id=281"},"modified":"2018-11-13T11:58:27","modified_gmt":"2018-11-13T11:58:27","slug":"mannschaften","status":"publish","type":"page","link":"https:\/\/www.handball-weixdorf.de\/?page_id=281","title":{"rendered":"Mannschaften"},"content":{"rendered":"<p>Ein \u00dcberblick zu allen Mannschaften.<br \/>\nIn der SG Weixdorf trainieren die<a href=\"http:\/\/handball-weixdorf.de\/?page_id=80\"> Frauen<\/a>, <a href=\"http:\/\/handball-weixdorf.de\/?page_id=85\">M\u00e4nner<\/a>, <a href=\"http:\/\/handball-weixdorf.de\/?page_id=110\">mJB<\/a>, <a href=\"http:\/\/handball-weixdorf.de\/?page_id=110\">mJC<\/a> und die <a href=\"http:\/\/handball-weixdorf.de\/?page_id=110\">mJD<\/a> in separaten Trainingszeiten f\u00fcr den besten Erfolg.<\/p>\n","protected":false},"excerpt":{"rendered":"<p>Ein \u00dcberblick zu allen Mannschaften. In der SG Weixdorf trainieren die Frauen, M\u00e4nner, mJB, mJC und die mJD in separaten Trainingszeiten f\u00fcr den besten Erfolg.<\/p>\n","protected":false},"author":1,"featured_media":0,"parent":0,"menu_order":0,"comment_status":"closed","ping_status":"closed","template":"","meta":{"footnotes":""},"_links":{"self":[{"href":"https:\/\/www.handball-weixdorf.de\/index.php?rest_route=\/wp\/v2\/pages\/281"}],"collection":[{"href":"https:\/\/www.handball-weixdorf.de\/index.php?rest_route=\/wp\/v2\/pages"}],"about":[{"href":"https:\/\/www.handball-weixdorf.de\/index.php?rest_route=\/wp\/v2\/types\/page"}],"author":[{"embeddable":true,"href":"https:\/\/www.handball-weixdorf.de\/index.php?rest_route=\/wp\/v2\/users\/1"}],"replies":[{"embeddable":true,"href":"https:\/\/www.handball-weixdorf.de\/index.php?rest_route=%2Fwp%2Fv2%2Fcomments&post=281"}],"version-history":[{"count":5,"href":"https:\/\/www.handball-weixdorf.de\/index.php?rest_route=\/wp\/v2\/pages\/281\/revisions"}],"predecessor-version":[{"id":1623,"href":"https:\/\/www.handball-weixdorf.de\/index.php?rest_route=\/wp\/v2\/pages\/281\/revisions\/1623"}],"wp:attachment":[{"href":"https:\/\/www.handball-weixdorf.de\/index.php?rest_route=%2Fwp%2Fv2%2Fmedia&parent=281"}],"curies":[{"name":"wp","href":"https:\/\/api.w.org\/{rel}","templated":true}]}}